{"id":10,"date":"2025-05-25T09:39:44","date_gmt":"2025-05-25T07:39:44","guid":{"rendered":"https:\/\/cfptnour.com\/index.php\/a-propos\/equipe-pedagogique\/"},"modified":"2025-06-08T13:04:55","modified_gmt":"2025-06-08T11:04:55","slug":"equipe-pedagogique","status":"publish","type":"page","link":"https:\/\/cfptnour.com\/index.php\/a-propos\/equipe-pedagogique\/","title":{"rendered":"\u00c9quipe p\u00e9dagogique"},"content":{"rendered":"<p style=\"text-align: justify;\" data-start=\"138\" data-end=\"378\"><span style=\"color: #000000; font-size: 20px;\">Au <strong data-start=\"141\" data-end=\"161\">CFPTP Iliminnour<\/strong>, notre \u00e9quipe p\u00e9dagogique est compos\u00e9e de <strong data-start=\"204\" data-end=\"251\">formateurs qualifi\u00e9s, passionn\u00e9s et engag\u00e9s<\/strong>, qui partagent une m\u00eame ambition : <strong data-start=\"287\" data-end=\"328\">transmettre des savoir-faire concrets<\/strong> et accompagner chaque apprenant vers la r\u00e9ussite.<\/span><\/p>\n<p style=\"text-align: justify;\" data-start=\"380\" data-end=\"658\"><span style=\"color: #000000; font-size: 20px;\">Nos enseignants et encadreurs sont issus de divers horizons techniques et professionnels, avec une solide exp\u00e9rience dans leurs domaines respectifs. Ils allient <strong data-start=\"541\" data-end=\"593\">comp\u00e9tence, p\u00e9dagogie active et sens de l\u2019\u00e9coute<\/strong>, pour assurer un encadrement adapt\u00e9 aux besoins de chaque \u00e9l\u00e8ve.<\/span><\/p>\n<h3 style=\"text-align: justify;\" data-start=\"660\" data-end=\"694\"><span style=\"color: #000000; font-size: 20px;\">Nos engagements p\u00e9dagogiques :<\/span><\/h3>\n<ul style=\"text-align: justify;\" data-start=\"695\" data-end=\"1023\">\n<li data-start=\"695\" data-end=\"788\">\n<p data-start=\"697\" data-end=\"788\"><span style=\"color: #000000; font-size: 20px;\">Offrir un <strong data-start=\"707\" data-end=\"754\">enseignement pratique et professionnalisant<\/strong>, centr\u00e9 sur les m\u00e9tiers porteurs.<\/span><\/p>\n<\/li>\n<li data-start=\"789\" data-end=\"848\">\n<p data-start=\"791\" data-end=\"848\"><span style=\"color: #000000; font-size: 20px;\">Assurer un <strong data-start=\"802\" data-end=\"825\">suivi individualis\u00e9<\/strong> pour chaque apprenant.<\/span><\/p>\n<\/li>\n<li data-start=\"849\" data-end=\"925\">\n<p data-start=\"851\" data-end=\"925\"><span style=\"color: #000000; font-size: 20px;\">Favoriser un <strong data-start=\"864\" data-end=\"924\">climat d\u2019apprentissage respectueux, motivant et inclusif<\/strong>.<\/span><\/p>\n<\/li>\n<li data-start=\"926\" data-end=\"1023\">\n<p data-start=\"928\" data-end=\"1023\"><span style=\"color: #000000; font-size: 20px;\">Maintenir un lien fort avec le monde professionnel pour garantir l\u2019ad\u00e9quation formation\/emploi.<\/span><\/p>\n<\/li>\n<\/ul>\n<p style=\"text-align: justify;\" data-start=\"1025\" data-end=\"1223\"><span style=\"color: #000000; font-size: 20px;\">L\u2019\u00e9quipe du CFPTP Iliminnour \u0153uvre chaque jour pour former non seulement des techniciens comp\u00e9tents, mais aussi des <strong data-start=\"1141\" data-end=\"1166\">citoyens responsables<\/strong>, pr\u00eats \u00e0 contribuer au d\u00e9veloppement de leur communaut\u00e9.<\/span><\/p>\n","protected":false},"excerpt":{"rendered":"<p>Au CFPTP Iliminnour, notre \u00e9quipe p\u00e9dagogique est compos\u00e9e de formateurs qualifi\u00e9s, passionn\u00e9s et engag\u00e9s, qui partagent une m\u00eame ambition : transmettre des savoir-faire concrets et&#8230;<\/p>\n","protected":false},"author":1,"featured_media":0,"parent":7,"menu_order":5,"comment_status":"closed","ping_status":"closed","template":"","meta":{"footnotes":""},"class_list":["post-10","page","type-page","status-publish","hentry"],"_links":{"self":[{"href":"https:\/\/cfptnour.com\/index.php\/wp-json\/wp\/v2\/pages\/10","targetHints":{"allow":["GET"]}}],"collection":[{"href":"https:\/\/cfptnour.com\/index.php\/wp-json\/wp\/v2\/pages"}],"about":[{"href":"https:\/\/cfptnour.com\/index.php\/wp-json\/wp\/v2\/types\/page"}],"author":[{"embeddable":true,"href":"https:\/\/cfptnour.com\/index.php\/wp-json\/wp\/v2\/users\/1"}],"replies":[{"embeddable":true,"href":"https:\/\/cfptnour.com\/index.php\/wp-json\/wp\/v2\/comments?post=10"}],"version-history":[{"count":4,"href":"https:\/\/cfptnour.com\/index.php\/wp-json\/wp\/v2\/pages\/10\/revisions"}],"predecessor-version":[{"id":149,"href":"https:\/\/cfptnour.com\/index.php\/wp-json\/wp\/v2\/pages\/10\/revisions\/149"}],"up":[{"embeddable":true,"href":"https:\/\/cfptnour.com\/index.php\/wp-json\/wp\/v2\/pages\/7"}],"wp:attachment":[{"href":"https:\/\/cfptnour.com\/index.php\/wp-json\/wp\/v2\/media?parent=10"}],"curies":[{"name":"wp","href":"https:\/\/api.w.org\/{rel}","templated":true}]}}