{"id":11,"date":"2025-05-25T09:39:44","date_gmt":"2025-05-25T07:39:44","guid":{"rendered":"https:\/\/cfptnour.com\/index.php\/a-propos\/partenaires\/"},"modified":"2025-06-08T13:05:39","modified_gmt":"2025-06-08T11:05:39","slug":"partenaires","status":"publish","type":"page","link":"https:\/\/cfptnour.com\/index.php\/a-propos\/partenaires\/","title":{"rendered":"Partenaires"},"content":{"rendered":"<p style=\"text-align: justify;\" data-start=\"133\" data-end=\"307\"><span style=\"font-size: 20px; color: #000000;\">Le <strong data-start=\"136\" data-end=\"156\">CFPTP Iliminnour<\/strong> s\u2019appuie sur un r\u00e9seau de <strong data-start=\"183\" data-end=\"206\">partenaires engag\u00e9s<\/strong> qui partagent notre vision d\u2019une formation inclusive, pratique et porteuse d\u2019avenir pour les jeunes.<\/span><\/p>\n<h3 style=\"text-align: justify;\" data-start=\"309\" data-end=\"358\"><span style=\"font-size: 20px; color: #000000;\">Ensemble pour l\u2019insertion et le d\u00e9veloppement<\/span><\/h3>\n<p style=\"text-align: justify;\" data-start=\"360\" data-end=\"467\"><span style=\"font-size: 20px; color: #000000;\">Nos partenaires jouent un r\u00f4le essentiel dans la r\u00e9alisation de notre mission. Ils nous accompagnent dans :<\/span><\/p>\n<ul style=\"text-align: justify;\" data-start=\"469\" data-end=\"814\">\n<li data-start=\"469\" data-end=\"554\">\n<p data-start=\"471\" data-end=\"554\"><span style=\"font-size: 20px; color: #000000;\">Le <strong data-start=\"474\" data-end=\"522\">renforcement de la qualit\u00e9 de l\u2019enseignement<\/strong> et de l\u2019\u00e9quipement p\u00e9dagogique.<\/span><\/p>\n<\/li>\n<li data-start=\"555\" data-end=\"646\">\n<p data-start=\"557\" data-end=\"646\"><span style=\"font-size: 20px; color: #000000;\">Le <strong data-start=\"560\" data-end=\"599\">financement de bourses de formation<\/strong> pour les jeunes en situation de vuln\u00e9rabilit\u00e9.<\/span><\/p>\n<\/li>\n<li data-start=\"647\" data-end=\"725\">\n<p data-start=\"649\" data-end=\"725\"><span style=\"font-size: 20px; color: #000000;\">La <strong data-start=\"652\" data-end=\"694\">mise en place de stages professionnels<\/strong> et d&rsquo;opportunit\u00e9s d\u2019insertion.<\/span><\/p>\n<\/li>\n<li data-start=\"726\" data-end=\"814\">\n<p data-start=\"728\" data-end=\"814\"><span style=\"font-size: 20px; color: #000000;\">La <strong data-start=\"731\" data-end=\"784\">promotion de l\u2019innovation et de l\u2019entrepreneuriat<\/strong> dans les fili\u00e8res techniques.<\/span><\/p>\n<\/li>\n<\/ul>\n<h3 style=\"text-align: justify;\" data-start=\"816\" data-end=\"845\"><span style=\"font-size: 20px; color: #000000;\">Ils nous font confiance :<\/span><\/h3>\n<p style=\"text-align: justify;\" data-start=\"847\" data-end=\"1108\"><span style=\"font-size: 20px; color: #000000;\">Nous collaborons avec des <strong data-start=\"873\" data-end=\"899\">institutions publiques<\/strong>, des <strong data-start=\"905\" data-end=\"938\">organisations internationales<\/strong>, des <strong data-start=\"944\" data-end=\"951\">ONG<\/strong>, des <strong data-start=\"957\" data-end=\"980\">entreprises locales<\/strong>, ainsi que des <strong data-start=\"996\" data-end=\"1022\">acteurs communautaires<\/strong>, unis par la volont\u00e9 de transformer la vie des jeunes par la formation et le travail.<\/span><\/p>\n<blockquote data-start=\"1110\" data-end=\"1252\">\n<p style=\"text-align: justify;\" data-start=\"1112\" data-end=\"1252\"><span style=\"font-size: 20px; color: #000000;\">\ud83e\udd1d Gr\u00e2ce \u00e0 leur soutien, nous renfor\u00e7ons chaque jour notre impact social et contribuons activement au d\u00e9veloppement durable de notre r\u00e9gion.<\/span><\/p>\n<\/blockquote>\n","protected":false},"excerpt":{"rendered":"<p>Le CFPTP Iliminnour s\u2019appuie sur un r\u00e9seau de partenaires engag\u00e9s qui partagent notre vision d\u2019une formation inclusive, pratique et porteuse d\u2019avenir pour les jeunes. Ensemble&#8230;<\/p>\n","protected":false},"author":1,"featured_media":0,"parent":7,"menu_order":6,"comment_status":"closed","ping_status":"closed","template":"","meta":{"footnotes":""},"class_list":["post-11","page","type-page","status-publish","hentry"],"_links":{"self":[{"href":"https:\/\/cfptnour.com\/index.php\/wp-json\/wp\/v2\/pages\/11","targetHints":{"allow":["GET"]}}],"collection":[{"href":"https:\/\/cfptnour.com\/index.php\/wp-json\/wp\/v2\/pages"}],"about":[{"href":"https:\/\/cfptnour.com\/index.php\/wp-json\/wp\/v2\/types\/page"}],"author":[{"embeddable":true,"href":"https:\/\/cfptnour.com\/index.php\/wp-json\/wp\/v2\/users\/1"}],"replies":[{"embeddable":true,"href":"https:\/\/cfptnour.com\/index.php\/wp-json\/wp\/v2\/comments?post=11"}],"version-history":[{"count":3,"href":"https:\/\/cfptnour.com\/index.php\/wp-json\/wp\/v2\/pages\/11\/revisions"}],"predecessor-version":[{"id":150,"href":"https:\/\/cfptnour.com\/index.php\/wp-json\/wp\/v2\/pages\/11\/revisions\/150"}],"up":[{"embeddable":true,"href":"https:\/\/cfptnour.com\/index.php\/wp-json\/wp\/v2\/pages\/7"}],"wp:attachment":[{"href":"https:\/\/cfptnour.com\/index.php\/wp-json\/wp\/v2\/media?parent=11"}],"curies":[{"name":"wp","href":"https:\/\/api.w.org\/{rel}","templated":true}]}}