{"id":12,"date":"2025-05-25T09:39:44","date_gmt":"2025-05-25T07:39:44","guid":{"rendered":"https:\/\/cfptnour.com\/index.php\/formations\/"},"modified":"2025-06-08T13:06:10","modified_gmt":"2025-06-08T11:06:10","slug":"formations","status":"publish","type":"page","link":"https:\/\/cfptnour.com\/index.php\/formations\/","title":{"rendered":"Formations"},"content":{"rendered":"<p style=\"text-align: justify;\" data-start=\"136\" data-end=\"332\"><span style=\"font-size: 20px; color: #000000;\">Le <strong data-start=\"139\" data-end=\"159\">CFPTP Iliminnour<\/strong> propose un ensemble de <strong data-start=\"183\" data-end=\"228\">formations professionnelles et techniques<\/strong> con\u00e7ues pour r\u00e9pondre aux besoins r\u00e9els du march\u00e9 de l\u2019emploi et favoriser l\u2019autonomisation des jeunes.<\/span><\/p>\n<p style=\"text-align: justify;\" data-start=\"334\" data-end=\"489\"><span style=\"font-size: 20px; color: #000000;\">Nos programmes s\u2019adressent principalement aux <strong data-start=\"380\" data-end=\"432\">jeunes boursiers, d\u00e9scolaris\u00e9s ou non scolaris\u00e9s<\/strong>, avec un encadrement p\u00e9dagogique adapt\u00e9 \u00e0 chaque profil.<\/span><\/p>\n<h3 style=\"text-align: justify;\" data-start=\"491\" data-end=\"520\"><span style=\"font-size: 20px; color: #000000;\">\ud83c\udf93 Niveaux de formation :<\/span><\/h3>\n<ul style=\"text-align: justify;\" data-start=\"521\" data-end=\"720\">\n<li data-start=\"521\" data-end=\"578\">\n<p data-start=\"523\" data-end=\"578\"><span style=\"font-size: 20px; color: #000000;\"><strong data-start=\"523\" data-end=\"530\">CQP<\/strong> (Certificat de Qualification Professionnelle)<\/span><\/p>\n<\/li>\n<li data-start=\"579\" data-end=\"630\">\n<p data-start=\"581\" data-end=\"630\"><span style=\"font-size: 20px; color: #000000;\"><strong data-start=\"581\" data-end=\"588\">CAP<\/strong> (Certificat d\u2019Aptitude Professionnelle)<\/span><\/p>\n<\/li>\n<li data-start=\"631\" data-end=\"677\">\n<p data-start=\"633\" data-end=\"677\"><span style=\"font-size: 20px; color: #000000;\"><strong data-start=\"633\" data-end=\"640\">BEP<\/strong> (Brevet d\u2019\u00c9tudes Professionnelles)<\/span><\/p>\n<\/li>\n<li data-start=\"678\" data-end=\"720\">\n<p data-start=\"680\" data-end=\"720\"><span style=\"font-size: 20px; color: #000000;\"><strong data-start=\"680\" data-end=\"691\">BAC PRO<\/strong> (Baccalaur\u00e9at Professionnel)<\/span><\/p>\n<\/li>\n<\/ul>\n<h3 style=\"text-align: justify;\" data-start=\"722\" data-end=\"749\"><span style=\"font-size: 20px; color: #000000;\">\ud83d\udd27 Fili\u00e8res propos\u00e9es :<\/span><\/h3>\n<ul style=\"text-align: justify;\" data-start=\"750\" data-end=\"915\">\n<li data-start=\"750\" data-end=\"765\">\n<p data-start=\"752\" data-end=\"765\"><span style=\"font-size: 20px; color: #000000;\"><strong data-start=\"752\" data-end=\"763\">Couture<\/strong><\/span><\/p>\n<\/li>\n<li data-start=\"766\" data-end=\"798\">\n<p data-start=\"768\" data-end=\"798\"><span style=\"font-size: 20px; color: #000000;\"><strong data-start=\"768\" data-end=\"796\">Cuisine et art culinaire<\/strong><\/span><\/p>\n<\/li>\n<li data-start=\"799\" data-end=\"830\">\n<p data-start=\"801\" data-end=\"830\"><span style=\"font-size: 20px; color: #000000;\"><strong data-start=\"801\" data-end=\"828\">Artisanat et d\u00e9coration<\/strong><\/span><\/p>\n<\/li>\n<li data-start=\"831\" data-end=\"859\">\n<p data-start=\"833\" data-end=\"859\"><span style=\"font-size: 20px; color: #000000;\"><strong data-start=\"833\" data-end=\"857\">\u00c9lectricit\u00e9 b\u00e2timent<\/strong><\/span><\/p>\n<\/li>\n<li data-start=\"860\" data-end=\"887\">\n<p data-start=\"862\" data-end=\"887\"><span style=\"font-size: 20px; color: #000000;\"><strong data-start=\"862\" data-end=\"885\">Plomberie sanitaire<\/strong><\/span><\/p>\n<\/li>\n<li data-start=\"888\" data-end=\"915\">\n<p data-start=\"890\" data-end=\"915\"><span style=\"font-size: 20px; color: #000000;\"><strong data-start=\"890\" data-end=\"915\">Menuiserie m\u00e9tallique<\/strong><\/span><\/p>\n<\/li>\n<\/ul>\n<h3 style=\"text-align: justify;\" data-start=\"917\" data-end=\"947\"><span style=\"font-size: 20px; color: #000000;\">\u2705 Objectifs p\u00e9dagogiques :<\/span><\/h3>\n<ul style=\"text-align: justify;\" data-start=\"948\" data-end=\"1174\">\n<li data-start=\"948\" data-end=\"1041\">\n<p data-start=\"950\" data-end=\"1041\"><span style=\"font-size: 20px; color: #000000;\">Offrir une <strong data-start=\"961\" data-end=\"995\">formation pratique et concr\u00e8te<\/strong>, centr\u00e9e sur l\u2019apprentissage par la pratique.<\/span><\/p>\n<\/li>\n<li data-start=\"1042\" data-end=\"1106\">\n<p data-start=\"1044\" data-end=\"1106\"><span style=\"font-size: 20px; color: #000000;\">Permettre une <strong data-start=\"1058\" data-end=\"1105\">insertion professionnelle rapide et durable<\/strong>.<\/span><\/p>\n<\/li>\n<li data-start=\"1107\" data-end=\"1174\">\n<p data-start=\"1109\" data-end=\"1174\"><span style=\"font-size: 20px; color: #000000;\">D\u00e9velopper des <strong data-start=\"1124\" data-end=\"1157\">comp\u00e9tences entrepreneuriales<\/strong> chez les jeunes.<\/span><\/p>\n<\/li>\n<\/ul>\n<p style=\"text-align: justify;\" data-start=\"1176\" data-end=\"1303\"><span style=\"font-size: 20px; color: #000000;\">Nos fili\u00e8res sont r\u00e9guli\u00e8rement actualis\u00e9es pour rester en phase avec les <strong data-start=\"1250\" data-end=\"1294\">\u00e9volutions \u00e9conomiques et technologiques<\/strong> du pays.<\/span><\/p>\n<blockquote data-start=\"1305\" data-end=\"1463\">\n<p style=\"text-align: justify;\" data-start=\"1307\" data-end=\"1463\"><span style=\"font-size: 20px; color: #000000;\">\ud83d\udd0d Vous souhaitez en savoir plus sur une formation sp\u00e9cifique ? Consultez les pages d\u00e9taill\u00e9es de chaque fili\u00e8re ou contactez notre secr\u00e9tariat p\u00e9dagogique.<\/span><\/p>\n<\/blockquote>\n","protected":false},"excerpt":{"rendered":"<p>Le CFPTP Iliminnour propose un ensemble de formations professionnelles et techniques con\u00e7ues pour r\u00e9pondre aux besoins r\u00e9els du march\u00e9 de l\u2019emploi et favoriser l\u2019autonomisation des&#8230;<\/p>\n","protected":false},"author":1,"featured_media":0,"parent":0,"menu_order":7,"comment_status":"closed","ping_status":"closed","template":"","meta":{"footnotes":""},"class_list":["post-12","page","type-page","status-publish","hentry"],"_links":{"self":[{"href":"https:\/\/cfptnour.com\/index.php\/wp-json\/wp\/v2\/pages\/12","targetHints":{"allow":["GET"]}}],"collection":[{"href":"https:\/\/cfptnour.com\/index.php\/wp-json\/wp\/v2\/pages"}],"about":[{"href":"https:\/\/cfptnour.com\/index.php\/wp-json\/wp\/v2\/types\/page"}],"author":[{"embeddable":true,"href":"https:\/\/cfptnour.com\/index.php\/wp-json\/wp\/v2\/users\/1"}],"replies":[{"embeddable":true,"href":"https:\/\/cfptnour.com\/index.php\/wp-json\/wp\/v2\/comments?post=12"}],"version-history":[{"count":3,"href":"https:\/\/cfptnour.com\/index.php\/wp-json\/wp\/v2\/pages\/12\/revisions"}],"predecessor-version":[{"id":151,"href":"https:\/\/cfptnour.com\/index.php\/wp-json\/wp\/v2\/pages\/12\/revisions\/151"}],"wp:attachment":[{"href":"https:\/\/cfptnour.com\/index.php\/wp-json\/wp\/v2\/media?parent=12"}],"curies":[{"name":"wp","href":"https:\/\/api.w.org\/{rel}","templated":true}]}}