{"id":14,"date":"2025-05-25T09:39:44","date_gmt":"2025-05-25T07:39:44","guid":{"rendered":"https:\/\/cfptnour.com\/index.php\/formations\/cap-elementaire-base2\/"},"modified":"2025-06-08T13:07:32","modified_gmt":"2025-06-08T11:07:32","slug":"cap-elementaire-base2","status":"publish","type":"page","link":"https:\/\/cfptnour.com\/index.php\/formations\/cap-elementaire-base2\/","title":{"rendered":"CAP: ELEMENTAIRE BASE2"},"content":{"rendered":"<p style=\"text-align: justify;\" data-start=\"164\" data-end=\"441\"><span style=\"font-size: 20px; color: #000000;\">La formation <strong data-start=\"177\" data-end=\"205\">CAP \u2013 \u00c9l\u00e9mentaire Base 2<\/strong> est destin\u00e9e aux jeunes ayant suivi une formation de niveau CQP ou disposant de <strong data-start=\"286\" data-end=\"330\">notions de base dans un m\u00e9tier technique<\/strong>. Elle permet d\u2019approfondir les comp\u00e9tences et de <strong data-start=\"380\" data-end=\"440\">pr\u00e9parer l&rsquo;apprenant \u00e0 l\u2019exercice professionnel autonome<\/strong>.<\/span><\/p>\n<h3 style=\"text-align: justify;\" data-start=\"443\" data-end=\"474\"><span style=\"font-size: 20px; color: #000000;\">Objectifs de la formation :<\/span><\/h3>\n<ul style=\"text-align: justify;\" data-start=\"475\" data-end=\"737\">\n<li data-start=\"475\" data-end=\"553\">\n<p data-start=\"477\" data-end=\"553\"><span style=\"font-size: 20px; color: #000000;\">Approfondir les <strong data-start=\"493\" data-end=\"524\">techniques professionnelles<\/strong> dans une sp\u00e9cialit\u00e9 choisie.<\/span><\/p>\n<\/li>\n<li data-start=\"554\" data-end=\"644\">\n<p data-start=\"556\" data-end=\"644\"><span style=\"font-size: 20px; color: #000000;\">Renforcer les connaissances g\u00e9n\u00e9rales et pratiques pour une <strong data-start=\"616\" data-end=\"643\">meilleure employabilit\u00e9<\/strong>.<\/span><\/p>\n<\/li>\n<li data-start=\"645\" data-end=\"737\">\n<p data-start=\"647\" data-end=\"737\"><span style=\"font-size: 20px; color: #000000;\">Pr\u00e9parer les jeunes \u00e0 exercer un m\u00e9tier avec <strong data-start=\"692\" data-end=\"736\">professionnalisme, rigueur et efficacit\u00e9<\/strong>.<\/span><\/p>\n<\/li>\n<\/ul>\n<h3 style=\"text-align: justify;\" data-start=\"739\" data-end=\"754\"><span style=\"font-size: 20px; color: #000000;\">D\u00e9bouch\u00e9s :<\/span><\/h3>\n<ul style=\"text-align: justify;\" data-start=\"755\" data-end=\"949\">\n<li data-start=\"755\" data-end=\"827\">\n<p data-start=\"757\" data-end=\"827\"><span style=\"font-size: 20px; color: #000000;\">Insertion dans le monde du travail (artisanat, entreprises, services).<\/span><\/p>\n<\/li>\n<li data-start=\"828\" data-end=\"886\">\n<p data-start=\"830\" data-end=\"886\"><span style=\"font-size: 20px; color: #000000;\">Acc\u00e8s aux formations de niveau sup\u00e9rieur (BEP, BAC PRO).<\/span><\/p>\n<\/li>\n<li data-start=\"887\" data-end=\"949\">\n<p data-start=\"889\" data-end=\"949\"><span style=\"font-size: 20px; color: #000000;\">Possibilit\u00e9 d\u2019<strong data-start=\"903\" data-end=\"918\">auto-emploi<\/strong> ou de <strong data-start=\"925\" data-end=\"948\">cr\u00e9ation d&rsquo;activit\u00e9<\/strong>.<\/span><\/p>\n<\/li>\n<\/ul>\n<blockquote data-start=\"951\" data-end=\"1148\">\n<p style=\"text-align: justify;\" data-start=\"953\" data-end=\"1148\"><span style=\"font-size: 20px; color: #000000;\">\ud83c\udfaf Public cibl\u00e9 : Jeunes d\u00e9scolaris\u00e9s ayant des bases ou ayant compl\u00e9t\u00e9 le CQP<\/span><br data-start=\"1031\" data-end=\"1034\" \/><br \/>\n<span style=\"font-size: 20px; color: #000000;\">\ud83d\udd52 Dur\u00e9e : selon la fili\u00e8re choisie<\/span><br data-start=\"1071\" data-end=\"1074\" \/><br \/>\n<span style=\"font-size: 20px; color: #000000;\">\ud83d\udccd Formation dispens\u00e9e au CFPTP Iliminnour \u2013 Quartier Koira Kano, Niamey<\/span><\/p>\n<\/blockquote>\n","protected":false},"excerpt":{"rendered":"<p>La formation CAP \u2013 \u00c9l\u00e9mentaire Base 2 est destin\u00e9e aux jeunes ayant suivi une formation de niveau CQP ou disposant de notions de base dans&#8230;<\/p>\n","protected":false},"author":1,"featured_media":0,"parent":12,"menu_order":9,"comment_status":"closed","ping_status":"closed","template":"","meta":{"footnotes":""},"class_list":["post-14","page","type-page","status-publish","hentry"],"_links":{"self":[{"href":"https:\/\/cfptnour.com\/index.php\/wp-json\/wp\/v2\/pages\/14","targetHints":{"allow":["GET"]}}],"collection":[{"href":"https:\/\/cfptnour.com\/index.php\/wp-json\/wp\/v2\/pages"}],"about":[{"href":"https:\/\/cfptnour.com\/index.php\/wp-json\/wp\/v2\/types\/page"}],"author":[{"embeddable":true,"href":"https:\/\/cfptnour.com\/index.php\/wp-json\/wp\/v2\/users\/1"}],"replies":[{"embeddable":true,"href":"https:\/\/cfptnour.com\/index.php\/wp-json\/wp\/v2\/comments?post=14"}],"version-history":[{"count":3,"href":"https:\/\/cfptnour.com\/index.php\/wp-json\/wp\/v2\/pages\/14\/revisions"}],"predecessor-version":[{"id":154,"href":"https:\/\/cfptnour.com\/index.php\/wp-json\/wp\/v2\/pages\/14\/revisions\/154"}],"up":[{"embeddable":true,"href":"https:\/\/cfptnour.com\/index.php\/wp-json\/wp\/v2\/pages\/12"}],"wp:attachment":[{"href":"https:\/\/cfptnour.com\/index.php\/wp-json\/wp\/v2\/media?parent=14"}],"curies":[{"name":"wp","href":"https:\/\/api.w.org\/{rel}","templated":true}]}}