{"id":15,"date":"2025-05-25T09:39:44","date_gmt":"2025-05-25T07:39:44","guid":{"rendered":"https:\/\/cfptnour.com\/index.php\/formations\/bep-moyen-base2\/"},"modified":"2025-06-08T13:08:10","modified_gmt":"2025-06-08T11:08:10","slug":"bep-moyen-base2","status":"publish","type":"page","link":"https:\/\/cfptnour.com\/index.php\/formations\/bep-moyen-base2\/","title":{"rendered":"BEP: MOYEN BASE2"},"content":{"rendered":"<p style=\"text-align: justify;\" data-start=\"138\" data-end=\"366\"><span style=\"font-size: 20px; color: #000000;\">La formation <strong data-start=\"151\" data-end=\"173\">BEP \u2013 Moyen Base 2<\/strong> est destin\u00e9e aux jeunes ayant un niveau scolaire moyen ou ayant valid\u00e9 un <strong data-start=\"248\" data-end=\"255\">CAP<\/strong>, et souhaitant approfondir leurs comp\u00e9tences techniques pour acc\u00e9der \u00e0 des postes qualifi\u00e9s dans leur domaine.<\/span><\/p>\n<h3 style=\"text-align: justify;\" data-start=\"368\" data-end=\"399\"><span style=\"font-size: 20px; color: #000000;\">Objectifs de la formation :<\/span><\/h3>\n<ul style=\"text-align: justify;\" data-start=\"400\" data-end=\"705\">\n<li data-start=\"400\" data-end=\"478\">\n<p data-start=\"402\" data-end=\"478\"><span style=\"font-size: 20px; color: #000000;\">Approfondir les <strong data-start=\"418\" data-end=\"460\">connaissances techniques et th\u00e9oriques<\/strong> du m\u00e9tier choisi.<\/span><\/p>\n<\/li>\n<li data-start=\"479\" data-end=\"581\">\n<p data-start=\"481\" data-end=\"581\"><span style=\"font-size: 20px; color: #000000;\">D\u00e9velopper des <strong data-start=\"496\" data-end=\"537\">comp\u00e9tences professionnelles avanc\u00e9es<\/strong> adapt\u00e9es aux exigences du monde du travail.<\/span><\/p>\n<\/li>\n<li data-start=\"582\" data-end=\"705\">\n<p data-start=\"584\" data-end=\"705\"><span style=\"font-size: 20px; color: #000000;\">Pr\u00e9parer l\u2019apprenant \u00e0 <strong data-start=\"607\" data-end=\"646\">l\u2019insertion dans un emploi qualifi\u00e9<\/strong> ou \u00e0 la <strong data-start=\"655\" data-end=\"694\">poursuite d\u2019\u00e9tudes professionnelles<\/strong> (BAC PRO).<\/span><\/p>\n<\/li>\n<\/ul>\n<h3 style=\"text-align: justify;\" data-start=\"707\" data-end=\"735\"><span style=\"font-size: 20px; color: #000000;\">Atouts de la formation :<\/span><\/h3>\n<ul style=\"text-align: justify;\" data-start=\"736\" data-end=\"879\">\n<li data-start=\"736\" data-end=\"796\">\n<p data-start=\"738\" data-end=\"796\"><span style=\"font-size: 20px; color: #000000;\">Alternance entre cours th\u00e9oriques et pratiques en atelier.<\/span><\/p>\n<\/li>\n<li data-start=\"797\" data-end=\"830\">\n<p data-start=\"799\" data-end=\"830\"><span style=\"font-size: 20px; color: #000000;\">Suivi p\u00e9dagogique personnalis\u00e9.<\/span><\/p>\n<\/li>\n<li data-start=\"831\" data-end=\"879\">\n<p data-start=\"833\" data-end=\"879\"><span style=\"font-size: 20px; color: #000000;\">Possibilit\u00e9 de stages en milieu professionnel.<\/span><\/p>\n<\/li>\n<\/ul>\n<blockquote data-start=\"881\" data-end=\"1039\">\n<p style=\"text-align: justify;\" data-start=\"883\" data-end=\"1039\"><span style=\"font-size: 20px; color: #000000;\">\ud83c\udfaf Public : Jeunes ayant un niveau moyen ou titulaires d\u2019un CAP<\/span><br data-start=\"946\" data-end=\"949\" \/><br \/>\n<span style=\"font-size: 20px; color: #000000;\">\ud83d\udd52 Dur\u00e9e : variable selon la fili\u00e8re<\/span><br data-start=\"987\" data-end=\"990\" \/><br \/>\n<span style=\"font-size: 20px; color: #000000;\">\ud83d\udccd Lieu : CFPTP Iliminnour \u2013 Koira Kano, Niamey<\/span><\/p>\n<\/blockquote>\n","protected":false},"excerpt":{"rendered":"<p>La formation BEP \u2013 Moyen Base 2 est destin\u00e9e aux jeunes ayant un niveau scolaire moyen ou ayant valid\u00e9 un CAP, et souhaitant approfondir leurs&#8230;<\/p>\n","protected":false},"author":1,"featured_media":0,"parent":12,"menu_order":10,"comment_status":"closed","ping_status":"closed","template":"","meta":{"footnotes":""},"class_list":["post-15","page","type-page","status-publish","hentry"],"_links":{"self":[{"href":"https:\/\/cfptnour.com\/index.php\/wp-json\/wp\/v2\/pages\/15","targetHints":{"allow":["GET"]}}],"collection":[{"href":"https:\/\/cfptnour.com\/index.php\/wp-json\/wp\/v2\/pages"}],"about":[{"href":"https:\/\/cfptnour.com\/index.php\/wp-json\/wp\/v2\/types\/page"}],"author":[{"embeddable":true,"href":"https:\/\/cfptnour.com\/index.php\/wp-json\/wp\/v2\/users\/1"}],"replies":[{"embeddable":true,"href":"https:\/\/cfptnour.com\/index.php\/wp-json\/wp\/v2\/comments?post=15"}],"version-history":[{"count":3,"href":"https:\/\/cfptnour.com\/index.php\/wp-json\/wp\/v2\/pages\/15\/revisions"}],"predecessor-version":[{"id":156,"href":"https:\/\/cfptnour.com\/index.php\/wp-json\/wp\/v2\/pages\/15\/revisions\/156"}],"up":[{"embeddable":true,"href":"https:\/\/cfptnour.com\/index.php\/wp-json\/wp\/v2\/pages\/12"}],"wp:attachment":[{"href":"https:\/\/cfptnour.com\/index.php\/wp-json\/wp\/v2\/media?parent=15"}],"curies":[{"name":"wp","href":"https:\/\/api.w.org\/{rel}","templated":true}]}}