{"id":16,"date":"2025-05-25T09:39:44","date_gmt":"2025-05-25T07:39:44","guid":{"rendered":"https:\/\/cfptnour.com\/index.php\/niveaux\/"},"modified":"2025-06-08T13:12:34","modified_gmt":"2025-06-08T11:12:34","slug":"niveaux","status":"publish","type":"page","link":"https:\/\/cfptnour.com\/index.php\/niveaux\/","title":{"rendered":"NIVEAUX"},"content":{"rendered":"<h2 data-start=\"1388\" data-end=\"1412\"><strong data-start=\"1394\" data-end=\"1412\">Les Niveaux:<\/strong><\/h2>\n<ul data-start=\"1413\" data-end=\"1530\">\n<li data-start=\"1413\" data-end=\"1444\">\n<p data-start=\"1415\" data-end=\"1444\"><span style=\"font-size: 20px; color: #000000;\"><strong data-start=\"1415\" data-end=\"1422\">CQP<\/strong> : \u00c9l\u00e9mentaire BASE1<\/span><\/p>\n<\/li>\n<li data-start=\"1445\" data-end=\"1476\">\n<p data-start=\"1447\" data-end=\"1476\"><span style=\"font-size: 20px; color: #000000;\"><strong data-start=\"1447\" data-end=\"1454\">CAP<\/strong> : \u00c9l\u00e9mentaire BASE2<\/span><\/p>\n<\/li>\n<li data-start=\"1477\" data-end=\"1502\">\n<p data-start=\"1479\" data-end=\"1502\"><span style=\"font-size: 20px; color: #000000;\"><strong data-start=\"1479\" data-end=\"1486\">BEP<\/strong> : Moyen BASE1<\/span><\/p>\n<\/li>\n<li data-start=\"1503\" data-end=\"1530\">\n<p data-start=\"1505\" data-end=\"1530\"><span style=\"font-size: 20px; color: #000000;\"><strong data-start=\"1505\" data-end=\"1516\">BAC PRO<\/strong> : Moyen BASE2<\/span><\/p>\n<\/li>\n<\/ul>\n","protected":false},"excerpt":{"rendered":"<p>Les Niveaux: CQP : \u00c9l\u00e9mentaire BASE1 CAP : \u00c9l\u00e9mentaire BASE2 BEP : Moyen BASE1 BAC PRO : Moyen BASE2<\/p>\n","protected":false},"author":1,"featured_media":0,"parent":0,"menu_order":11,"comment_status":"closed","ping_status":"closed","template":"","meta":{"footnotes":""},"class_list":["post-16","page","type-page","status-publish","hentry"],"_links":{"self":[{"href":"https:\/\/cfptnour.com\/index.php\/wp-json\/wp\/v2\/pages\/16","targetHints":{"allow":["GET"]}}],"collection":[{"href":"https:\/\/cfptnour.com\/index.php\/wp-json\/wp\/v2\/pages"}],"about":[{"href":"https:\/\/cfptnour.com\/index.php\/wp-json\/wp\/v2\/types\/page"}],"author":[{"embeddable":true,"href":"https:\/\/cfptnour.com\/index.php\/wp-json\/wp\/v2\/users\/1"}],"replies":[{"embeddable":true,"href":"https:\/\/cfptnour.com\/index.php\/wp-json\/wp\/v2\/comments?post=16"}],"version-history":[{"count":3,"href":"https:\/\/cfptnour.com\/index.php\/wp-json\/wp\/v2\/pages\/16\/revisions"}],"predecessor-version":[{"id":164,"href":"https:\/\/cfptnour.com\/index.php\/wp-json\/wp\/v2\/pages\/16\/revisions\/164"}],"wp:attachment":[{"href":"https:\/\/cfptnour.com\/index.php\/wp-json\/wp\/v2\/media?parent=16"}],"curies":[{"name":"wp","href":"https:\/\/api.w.org\/{rel}","templated":true}]}}