{"id":21,"date":"2025-05-25T09:39:45","date_gmt":"2025-05-25T07:39:45","guid":{"rendered":"https:\/\/cfptnour.com\/index.php\/formations\/les-filieres\/electricite\/"},"modified":"2025-06-08T13:10:07","modified_gmt":"2025-06-08T11:10:07","slug":"electricite","status":"publish","type":"page","link":"https:\/\/cfptnour.com\/index.php\/formations\/les-filieres\/electricite\/","title":{"rendered":"ELECTRICITE"},"content":{"rendered":"<p style=\"text-align: justify;\" data-start=\"164\" data-end=\"519\"><span style=\"font-size: 20px; color: #000000;\">La <strong data-start=\"167\" data-end=\"190\">fili\u00e8re \u00c9lectricit\u00e9<\/strong> du <strong data-start=\"194\" data-end=\"214\">CFPTP Iliminnour<\/strong> forme des jeunes aux <strong data-start=\"236\" data-end=\"285\">techniques modernes d\u2019installation \u00e9lectrique<\/strong>, avec un accent sur la <strong data-start=\"309\" data-end=\"363\">s\u00e9curit\u00e9, la pr\u00e9cision et la conformit\u00e9 aux normes<\/strong>. Cette formation pr\u00e9pare les apprenants \u00e0 devenir des <strong data-start=\"418\" data-end=\"444\">\u00e9lectriciens qualifi\u00e9s<\/strong>, capables d\u2019intervenir sur des chantiers de construction ou de r\u00e9novation.<\/span><\/p>\n<h3 style=\"text-align: justify;\" data-start=\"521\" data-end=\"552\"><span style=\"font-size: 20px; color: #000000;\">Objectifs de la formation :<\/span><\/h3>\n<ul style=\"text-align: justify;\" data-start=\"553\" data-end=\"878\">\n<li data-start=\"553\" data-end=\"638\">\n<p data-start=\"555\" data-end=\"638\"><span style=\"font-size: 20px; color: #000000;\">Ma\u00eetriser les <strong data-start=\"569\" data-end=\"637\">principes de base de l\u2019\u00e9lectricit\u00e9 et les sch\u00e9mas d\u2019installation<\/strong>.<\/span><\/p>\n<\/li>\n<li data-start=\"639\" data-end=\"731\">\n<p data-start=\"641\" data-end=\"731\"><span style=\"font-size: 20px; color: #000000;\">R\u00e9aliser des <strong data-start=\"654\" data-end=\"712\">installations \u00e9lectriques domestiques et industrielles<\/strong> en toute s\u00e9curit\u00e9.<\/span><\/p>\n<\/li>\n<li data-start=\"732\" data-end=\"796\">\n<p data-start=\"734\" data-end=\"796\"><span style=\"font-size: 20px; color: #000000;\">Diagnostiquer et <strong data-start=\"751\" data-end=\"785\">r\u00e9parer les pannes \u00e9lectriques<\/strong> courantes.<\/span><\/p>\n<\/li>\n<li data-start=\"797\" data-end=\"878\">\n<p data-start=\"799\" data-end=\"878\"><span style=\"font-size: 20px; color: #000000;\">Former des professionnels capables de <strong data-start=\"837\" data-end=\"877\">travailler en autonomie ou en \u00e9quipe<\/strong>.<\/span><\/p>\n<\/li>\n<\/ul>\n<h3 style=\"text-align: justify;\" data-start=\"880\" data-end=\"907\"><span style=\"font-size: 20px; color: #000000;\">Contenus de formation :<\/span><\/h3>\n<ul style=\"text-align: justify;\" data-start=\"908\" data-end=\"1140\">\n<li data-start=\"908\" data-end=\"963\">\n<p data-start=\"910\" data-end=\"963\"><span style=\"font-size: 20px; color: #000000;\">\u00c9lectricit\u00e9 g\u00e9n\u00e9rale (courant fort et courant faible)<\/span><\/p>\n<\/li>\n<li data-start=\"964\" data-end=\"1005\">\n<p data-start=\"966\" data-end=\"1005\"><span style=\"font-size: 20px; color: #000000;\">Lecture de plans et sch\u00e9mas \u00e9lectriques<\/span><\/p>\n<\/li>\n<li data-start=\"1006\" data-end=\"1065\">\n<p data-start=\"1008\" data-end=\"1065\"><span style=\"font-size: 20px; color: #000000;\">Installation et c\u00e2blage (prises, interrupteurs, tableaux)<\/span><\/p>\n<\/li>\n<li data-start=\"1066\" data-end=\"1113\">\n<p data-start=\"1068\" data-end=\"1113\"><span style=\"font-size: 20px; color: #000000;\">S\u00e9curit\u00e9 \u00e9lectrique et pr\u00e9vention des risques<\/span><\/p>\n<\/li>\n<li data-start=\"1114\" data-end=\"1140\">\n<p data-start=\"1116\" data-end=\"1140\"><span style=\"font-size: 20px; color: #000000;\">Maintenance et d\u00e9pannage<\/span><\/p>\n<\/li>\n<\/ul>\n<h3 style=\"text-align: justify;\" data-start=\"1142\" data-end=\"1157\"><span style=\"font-size: 20px; color: #000000;\">D\u00e9bouch\u00e9s :<\/span><\/h3>\n<ul style=\"text-align: justify;\" data-start=\"1158\" data-end=\"1406\">\n<li data-start=\"1158\" data-end=\"1236\">\n<p data-start=\"1160\" data-end=\"1236\"><span style=\"font-size: 20px; color: #000000;\">Emploi dans les entreprises de BTP, de maintenance ou de services techniques<\/span><\/p>\n<\/li>\n<li data-start=\"1237\" data-end=\"1288\">\n<p data-start=\"1239\" data-end=\"1288\"><span style=\"font-size: 20px; color: #000000;\">Cr\u00e9ation d\u2019une activit\u00e9 d\u2019\u00e9lectricien ind\u00e9pendant<\/span><\/p>\n<\/li>\n<li data-start=\"1289\" data-end=\"1347\">\n<p data-start=\"1291\" data-end=\"1347\"><span style=\"font-size: 20px; color: #000000;\">Intervention sur chantiers, logements, commerces, \u00e9coles<\/span><\/p>\n<\/li>\n<li data-start=\"1348\" data-end=\"1406\">\n<p data-start=\"1350\" data-end=\"1406\"><span style=\"font-size: 20px; color: #000000;\">Possibilit\u00e9 de sp\u00e9cialisation (solaire, domotique, etc.)<\/span><\/p>\n<\/li>\n<\/ul>\n<blockquote data-start=\"1408\" data-end=\"1577\">\n<p style=\"text-align: justify;\" data-start=\"1410\" data-end=\"1577\"><span style=\"font-size: 20px; color: #000000;\">\u26a1 Fili\u00e8re accessible en CQP, CAP et BEP<\/span><br data-start=\"1449\" data-end=\"1452\" \/><br \/>\n<span style=\"font-size: 20px; color: #000000;\">\ud83e\uddf0 Ateliers bien \u00e9quip\u00e9s avec mat\u00e9riel de simulation<\/span><br data-start=\"1506\" data-end=\"1509\" \/><br \/>\n<span style=\"font-size: 20px; color: #000000;\">\ud83d\udc77\u200d\u2642\ufe0f Formation pratique encadr\u00e9e par des professionnels qualifi\u00e9s<\/span><\/p>\n<\/blockquote>\n","protected":false},"excerpt":{"rendered":"<p>La fili\u00e8re \u00c9lectricit\u00e9 du CFPTP Iliminnour forme des jeunes aux techniques modernes d\u2019installation \u00e9lectrique, avec un accent sur la s\u00e9curit\u00e9, la pr\u00e9cision et la conformit\u00e9&#8230;<\/p>\n","protected":false},"author":1,"featured_media":0,"parent":17,"menu_order":16,"comment_status":"closed","ping_status":"closed","template":"","meta":{"footnotes":""},"class_list":["post-21","page","type-page","status-publish","hentry"],"_links":{"self":[{"href":"https:\/\/cfptnour.com\/index.php\/wp-json\/wp\/v2\/pages\/21","targetHints":{"allow":["GET"]}}],"collection":[{"href":"https:\/\/cfptnour.com\/index.php\/wp-json\/wp\/v2\/pages"}],"about":[{"href":"https:\/\/cfptnour.com\/index.php\/wp-json\/wp\/v2\/types\/page"}],"author":[{"embeddable":true,"href":"https:\/\/cfptnour.com\/index.php\/wp-json\/wp\/v2\/users\/1"}],"replies":[{"embeddable":true,"href":"https:\/\/cfptnour.com\/index.php\/wp-json\/wp\/v2\/comments?post=21"}],"version-history":[{"count":2,"href":"https:\/\/cfptnour.com\/index.php\/wp-json\/wp\/v2\/pages\/21\/revisions"}],"predecessor-version":[{"id":159,"href":"https:\/\/cfptnour.com\/index.php\/wp-json\/wp\/v2\/pages\/21\/revisions\/159"}],"up":[{"embeddable":true,"href":"https:\/\/cfptnour.com\/index.php\/wp-json\/wp\/v2\/pages\/17"}],"wp:attachment":[{"href":"https:\/\/cfptnour.com\/index.php\/wp-json\/wp\/v2\/media?parent=21"}],"curies":[{"name":"wp","href":"https:\/\/api.w.org\/{rel}","templated":true}]}}