{"id":22,"date":"2025-05-25T09:39:45","date_gmt":"2025-05-25T07:39:45","guid":{"rendered":"https:\/\/cfptnour.com\/index.php\/formations\/les-filieres\/plomberie\/"},"modified":"2025-06-08T13:10:45","modified_gmt":"2025-06-08T11:10:45","slug":"plomberie","status":"publish","type":"page","link":"https:\/\/cfptnour.com\/index.php\/formations\/les-filieres\/plomberie\/","title":{"rendered":"PLOMBERIE"},"content":{"rendered":"<p style=\"text-align: justify;\" data-start=\"129\" data-end=\"476\"><span style=\"font-size: 20px; color: #000000;\">La <strong data-start=\"132\" data-end=\"153\">fili\u00e8re Plomberie<\/strong> du <strong data-start=\"157\" data-end=\"177\">CFPTP Iliminnour<\/strong> forme des jeunes aux <strong data-start=\"199\" data-end=\"284\">techniques d\u2019installation, de r\u00e9paration et d\u2019entretien des syst\u00e8mes de plomberie<\/strong> dans les b\u00e2timents r\u00e9sidentiels, commerciaux ou communautaires. Cette formation permet de devenir un <strong data-start=\"386\" data-end=\"407\">plombier qualifi\u00e9<\/strong>, pr\u00eat \u00e0 r\u00e9pondre aux besoins croissants en infrastructure sanitaire.<\/span><\/p>\n<h3 style=\"text-align: justify;\" data-start=\"478\" data-end=\"509\"><span style=\"font-size: 20px; color: #000000;\">Objectifs de la formation :<\/span><\/h3>\n<ul style=\"text-align: justify;\" data-start=\"510\" data-end=\"838\">\n<li data-start=\"510\" data-end=\"594\">\n<p data-start=\"512\" data-end=\"594\"><span style=\"font-size: 20px; color: #000000;\">Apprendre \u00e0 <strong data-start=\"524\" data-end=\"593\">installer et entretenir les r\u00e9seaux d\u2019eau potable et d\u2019\u00e9vacuation<\/strong>.<\/span><\/p>\n<\/li>\n<li data-start=\"595\" data-end=\"655\">\n<p data-start=\"597\" data-end=\"655\"><span style=\"font-size: 20px; color: #000000;\">Savoir diagnostiquer et <strong data-start=\"621\" data-end=\"654\">r\u00e9parer les pannes sanitaires<\/strong>.<\/span><\/p>\n<\/li>\n<li data-start=\"656\" data-end=\"737\">\n<p data-start=\"658\" data-end=\"737\"><span style=\"font-size: 20px; color: #000000;\">Ma\u00eetriser l\u2019utilisation des <strong data-start=\"686\" data-end=\"736\">outils et mat\u00e9riaux sp\u00e9cifiques \u00e0 la plomberie<\/strong>.<\/span><\/p>\n<\/li>\n<li data-start=\"738\" data-end=\"838\">\n<p data-start=\"740\" data-end=\"838\"><span style=\"font-size: 20px; color: #000000;\">Former des professionnels capables de <strong data-start=\"778\" data-end=\"837\">travailler sur des chantiers ou de mani\u00e8re ind\u00e9pendante<\/strong>.<\/span><\/p>\n<\/li>\n<\/ul>\n<h3 style=\"text-align: justify;\" data-start=\"840\" data-end=\"867\"><span style=\"font-size: 20px; color: #000000;\">Contenus de formation :<\/span><\/h3>\n<ul style=\"text-align: justify;\" data-start=\"868\" data-end=\"1132\">\n<li data-start=\"868\" data-end=\"922\">\n<p data-start=\"870\" data-end=\"922\"><span style=\"font-size: 20px; color: #000000;\">Lecture de plans et sch\u00e9mas d\u2019installation sanitaire<\/span><\/p>\n<\/li>\n<li data-start=\"923\" data-end=\"990\">\n<p data-start=\"925\" data-end=\"990\"><span style=\"font-size: 20px; color: #000000;\">Installation de lavabos, douches, robinets, WC, chauffe-eau, etc.<\/span><\/p>\n<\/li>\n<li data-start=\"991\" data-end=\"1040\">\n<p data-start=\"993\" data-end=\"1040\"><span style=\"font-size: 20px; color: #000000;\">Techniques de soudure, raccordement, \u00e9tanch\u00e9it\u00e9<\/span><\/p>\n<\/li>\n<li data-start=\"1041\" data-end=\"1083\">\n<p data-start=\"1043\" data-end=\"1083\"><span style=\"font-size: 20px; color: #000000;\">Entretien et d\u00e9pannage des installations<\/span><\/p>\n<\/li>\n<li data-start=\"1084\" data-end=\"1132\">\n<p data-start=\"1086\" data-end=\"1132\"><span style=\"font-size: 20px; color: #000000;\">R\u00e8gles d\u2019hygi\u00e8ne, de s\u00e9curit\u00e9 et de conformit\u00e9<\/span><\/p>\n<\/li>\n<\/ul>\n<h3 style=\"text-align: justify;\" data-start=\"1134\" data-end=\"1149\"><span style=\"font-size: 20px; color: #000000;\">D\u00e9bouch\u00e9s :<\/span><\/h3>\n<ul style=\"text-align: justify;\" data-start=\"1150\" data-end=\"1407\">\n<li data-start=\"1150\" data-end=\"1204\">\n<p data-start=\"1152\" data-end=\"1204\"><span style=\"font-size: 20px; color: #000000;\">Emploi dans les entreprises de BTP ou de maintenance<\/span><\/p>\n<\/li>\n<li data-start=\"1205\" data-end=\"1265\">\n<p data-start=\"1207\" data-end=\"1265\"><span style=\"font-size: 20px; color: #000000;\">Cr\u00e9ation d\u2019une activit\u00e9 ind\u00e9pendante (plombier \u00e0 domicile)<\/span><\/p>\n<\/li>\n<li data-start=\"1266\" data-end=\"1335\">\n<p data-start=\"1268\" data-end=\"1335\"><span style=\"font-size: 20px; color: #000000;\">Travaux de plomberie pour particuliers, chantiers, services publics<\/span><\/p>\n<\/li>\n<li data-start=\"1336\" data-end=\"1407\">\n<p data-start=\"1338\" data-end=\"1407\"><span style=\"font-size: 20px; color: #000000;\">\u00c9volution vers des sp\u00e9cialisations (chauffage, \u00e9nergie solaire, etc.)<\/span><\/p>\n<\/li>\n<\/ul>\n<blockquote data-start=\"1409\" data-end=\"1561\">\n<p style=\"text-align: justify;\" data-start=\"1411\" data-end=\"1561\"><span style=\"font-size: 20px; color: #000000;\">\ud83d\udebf Fili\u00e8re ouverte en CQP, CAP et BEP<\/span><br data-start=\"1448\" data-end=\"1451\" \/><br \/>\n<span style=\"font-size: 20px; color: #000000;\">\ud83d\udee0\ufe0f Ateliers \u00e9quip\u00e9s pour la pratique intensive<\/span><br data-start=\"1500\" data-end=\"1503\" \/><br \/>\n<span style=\"font-size: 20px; color: #000000;\">\ud83d\udc68\u200d\ud83d\udd27 Encadrement assur\u00e9 par des formateurs exp\u00e9riment\u00e9s<\/span><\/p>\n<\/blockquote>\n","protected":false},"excerpt":{"rendered":"<p>La fili\u00e8re Plomberie du CFPTP Iliminnour forme des jeunes aux techniques d\u2019installation, de r\u00e9paration et d\u2019entretien des syst\u00e8mes de plomberie dans les b\u00e2timents r\u00e9sidentiels, commerciaux&#8230;<\/p>\n","protected":false},"author":1,"featured_media":0,"parent":17,"menu_order":17,"comment_status":"closed","ping_status":"closed","template":"","meta":{"footnotes":""},"class_list":["post-22","page","type-page","status-publish","hentry"],"_links":{"self":[{"href":"https:\/\/cfptnour.com\/index.php\/wp-json\/wp\/v2\/pages\/22","targetHints":{"allow":["GET"]}}],"collection":[{"href":"https:\/\/cfptnour.com\/index.php\/wp-json\/wp\/v2\/pages"}],"about":[{"href":"https:\/\/cfptnour.com\/index.php\/wp-json\/wp\/v2\/types\/page"}],"author":[{"embeddable":true,"href":"https:\/\/cfptnour.com\/index.php\/wp-json\/wp\/v2\/users\/1"}],"replies":[{"embeddable":true,"href":"https:\/\/cfptnour.com\/index.php\/wp-json\/wp\/v2\/comments?post=22"}],"version-history":[{"count":2,"href":"https:\/\/cfptnour.com\/index.php\/wp-json\/wp\/v2\/pages\/22\/revisions"}],"predecessor-version":[{"id":160,"href":"https:\/\/cfptnour.com\/index.php\/wp-json\/wp\/v2\/pages\/22\/revisions\/160"}],"up":[{"embeddable":true,"href":"https:\/\/cfptnour.com\/index.php\/wp-json\/wp\/v2\/pages\/17"}],"wp:attachment":[{"href":"https:\/\/cfptnour.com\/index.php\/wp-json\/wp\/v2\/media?parent=22"}],"curies":[{"name":"wp","href":"https:\/\/api.w.org\/{rel}","templated":true}]}}