{"id":24,"date":"2025-05-25T09:39:45","date_gmt":"2025-05-25T07:39:45","guid":{"rendered":"https:\/\/cfptnour.com\/index.php\/admission\/"},"modified":"2025-06-08T13:16:05","modified_gmt":"2025-06-08T11:16:05","slug":"admission","status":"publish","type":"page","link":"https:\/\/cfptnour.com\/index.php\/admission\/","title":{"rendered":"Admission"},"content":{"rendered":"<h3 data-start=\"1560\" data-end=\"1591\">\ud83d\udcc1 Composition du dossier:<\/h3>\n<ul data-start=\"1592\" data-end=\"1779\">\n<li data-start=\"1592\" data-end=\"1643\">\n<p data-start=\"1594\" data-end=\"1643\"><span style=\"color: #000000;\">Une copie l\u00e9galis\u00e9e de l\u2019extrait de <strong data-start=\"1630\" data-end=\"1643\">naissance<\/strong><\/span><\/p>\n<\/li>\n<li data-start=\"1644\" data-end=\"1698\">\n<p data-start=\"1646\" data-end=\"1698\"><span style=\"color: #000000;\">Une copie l\u00e9galis\u00e9e du <strong data-start=\"1669\" data-end=\"1698\">certificat de nationalit\u00e9<\/strong><\/span><\/p>\n<\/li>\n<li data-start=\"1699\" data-end=\"1739\">\n<p data-start=\"1701\" data-end=\"1739\"><span style=\"color: #000000;\">Une <strong data-start=\"1705\" data-end=\"1739\">attestation du dernier dipl\u00f4me<\/strong><\/span><\/p>\n<\/li>\n<li data-start=\"1740\" data-end=\"1779\">\n<p data-start=\"1742\" data-end=\"1779\"><span style=\"color: #000000;\">Deux <strong data-start=\"1747\" data-end=\"1768\">photos d\u2019identit\u00e9<\/strong> en couleur<\/span><\/p>\n<\/li>\n<\/ul>\n<h3 data-start=\"1781\" data-end=\"1811\"><span style=\"color: #000000;\">\ud83d\udcb5 Modalit\u00e9s de paiement :<\/span><\/h3>\n<div class=\"_tableContainer_16hzy_1\">\n<div class=\"_tableWrapper_16hzy_14 group flex w-fit flex-col-reverse\" tabindex=\"-1\">\n<table class=\"w-fit min-w-(--thread-content-width)\" data-start=\"1812\" data-end=\"2170\">\n<thead data-start=\"1812\" data-end=\"1870\">\n<tr data-start=\"1812\" data-end=\"1870\">\n<th data-start=\"1812\" data-end=\"1821\" data-col-size=\"sm\"><span style=\"color: #000000;\">Niveau<\/span><\/th>\n<th data-start=\"1821\" data-end=\"1843\" data-col-size=\"sm\"><span style=\"color: #000000;\">Frais d\u2019inscription<\/span><\/th>\n<th data-start=\"1843\" data-end=\"1870\" data-col-size=\"sm\"><span style=\"color: #000000;\">Montant de la formation<\/span><\/th>\n<\/tr>\n<\/thead>\n<tbody data-start=\"1931\" data-end=\"2170\">\n<tr data-start=\"1931\" data-end=\"1990\">\n<td data-start=\"1931\" data-end=\"1940\" data-col-size=\"sm\"><span style=\"color: #000000;\">CQP<\/span><\/td>\n<td data-col-size=\"sm\" data-start=\"1940\" data-end=\"1962\"><span style=\"color: #000000;\">5 000 F<\/span><\/td>\n<td data-col-size=\"sm\" data-start=\"1962\" data-end=\"1990\"><span style=\"color: #000000;\">75 000 F<\/span><\/td>\n<\/tr>\n<tr data-start=\"1991\" data-end=\"2050\">\n<td data-start=\"1991\" data-end=\"2000\" data-col-size=\"sm\"><span style=\"color: #000000;\">CAP<\/span><\/td>\n<td data-col-size=\"sm\" data-start=\"2000\" data-end=\"2022\"><span style=\"color: #000000;\">5 000 F<\/span><\/td>\n<td data-col-size=\"sm\" data-start=\"2022\" data-end=\"2050\"><span style=\"color: #000000;\">100 000 F<\/span><\/td>\n<\/tr>\n<tr data-start=\"2051\" data-end=\"2110\">\n<td data-start=\"2051\" data-end=\"2060\" data-col-size=\"sm\"><span style=\"color: #000000;\">BEP<\/span><\/td>\n<td data-col-size=\"sm\" data-start=\"2060\" data-end=\"2082\"><span style=\"color: #000000;\">10 000 F<\/span><\/td>\n<td data-col-size=\"sm\" data-start=\"2082\" data-end=\"2110\"><span style=\"color: #000000;\">125 000 F<\/span><\/td>\n<\/tr>\n<tr data-start=\"2111\" data-end=\"2170\">\n<td data-start=\"2111\" data-end=\"2121\" data-col-size=\"sm\"><span style=\"color: #000000;\">BAC PRO<\/span><\/td>\n<td data-col-size=\"sm\" data-start=\"2121\" data-end=\"2142\"><span style=\"color: #000000;\">10 000 F<\/span><\/td>\n<td data-col-size=\"sm\" data-start=\"2142\" data-end=\"2170\"><span style=\"color: #000000;\">190 000 F<\/span><\/td>\n<\/tr>\n<\/tbody>\n<\/table>\n<div class=\"sticky end-(--thread-content-margin) h-0 self-end select-none\">\n<div class=\"absolute end-0 flex items-end\">\u00a0<\/div>\n<\/div>\n<\/div>\n<\/div>\n<h3 data-start=\"2172\" data-end=\"2201\"><span style=\"color: #000000;\">\ud83d\udcc6 Paiement en tranches :<\/span><\/h3>\n<ul data-start=\"2202\" data-end=\"2316\">\n<li data-start=\"2202\" data-end=\"2243\">\n<p data-start=\"2204\" data-end=\"2243\"><span style=\"color: #000000;\"><strong data-start=\"2204\" data-end=\"2225\">1\u02b3\u1d49 tranche (60%)<\/strong> : \u00e0 l\u2019inscription<\/span><\/p>\n<\/li>\n<li data-start=\"2244\" data-end=\"2280\">\n<p data-start=\"2246\" data-end=\"2280\"><span style=\"color: #000000;\"><strong data-start=\"2246\" data-end=\"2266\">2\u1d49 tranche (20%)<\/strong> : en d\u00e9cembre<\/span><\/p>\n<\/li>\n<li data-start=\"2281\" data-end=\"2316\">\n<p data-start=\"2283\" data-end=\"2316\"><span style=\"color: #000000;\"><strong data-start=\"2283\" data-end=\"2303\">3\u1d49 tranche (20%)<\/strong> : en f\u00e9vrier<\/span><\/p>\n<\/li>\n<\/ul>\n<h3 data-start=\"2318\" data-end=\"2344\"><span style=\"color: #000000;\">\ud83d\udc54 Tenue obligatoire :<\/span><\/h3>\n<ul data-start=\"2345\" data-end=\"2464\">\n<li data-start=\"2345\" data-end=\"2391\">\n<p data-start=\"2347\" data-end=\"2391\"><span style=\"color: #000000;\"><strong data-start=\"2347\" data-end=\"2357\">Hommes<\/strong> : Chemise blanche + pantalon gris<\/span><\/p>\n<\/li>\n<li data-start=\"2392\" data-end=\"2464\">\n<p data-start=\"2394\" data-end=\"2464\"><span style=\"color: #000000;\"><strong data-start=\"2394\" data-end=\"2404\">Femmes<\/strong> : Chemise blanche + jupe grise + hijab gris (si n\u00e9cessaire)<\/span><\/p>\n<\/li>\n<\/ul>\n<blockquote data-start=\"2466\" data-end=\"2585\">\n<p data-start=\"2468\" data-end=\"2585\"><span style=\"color: #000000;\">\ud83d\udd14 <em data-start=\"2471\" data-end=\"2585\">NB : Pour les boursiers, les frais de formation incluent aussi les frais de d\u00e9placement, de cantine et de tenue.<\/em><\/span><\/p>\n<\/blockquote>\n","protected":false},"excerpt":{"rendered":"<p>\ud83d\udcc1 Composition du dossier: Une copie l\u00e9galis\u00e9e de l\u2019extrait de naissance Une copie l\u00e9galis\u00e9e du certificat de nationalit\u00e9 Une attestation du dernier dipl\u00f4me Deux photos&#8230;<\/p>\n","protected":false},"author":1,"featured_media":0,"parent":0,"menu_order":19,"comment_status":"closed","ping_status":"closed","template":"","meta":{"footnotes":""},"class_list":["post-24","page","type-page","status-publish","hentry"],"_links":{"self":[{"href":"https:\/\/cfptnour.com\/index.php\/wp-json\/wp\/v2\/pages\/24","targetHints":{"allow":["GET"]}}],"collection":[{"href":"https:\/\/cfptnour.com\/index.php\/wp-json\/wp\/v2\/pages"}],"about":[{"href":"https:\/\/cfptnour.com\/index.php\/wp-json\/wp\/v2\/types\/page"}],"author":[{"embeddable":true,"href":"https:\/\/cfptnour.com\/index.php\/wp-json\/wp\/v2\/users\/1"}],"replies":[{"embeddable":true,"href":"https:\/\/cfptnour.com\/index.php\/wp-json\/wp\/v2\/comments?post=24"}],"version-history":[{"count":4,"href":"https:\/\/cfptnour.com\/index.php\/wp-json\/wp\/v2\/pages\/24\/revisions"}],"predecessor-version":[{"id":166,"href":"https:\/\/cfptnour.com\/index.php\/wp-json\/wp\/v2\/pages\/24\/revisions\/166"}],"wp:attachment":[{"href":"https:\/\/cfptnour.com\/index.php\/wp-json\/wp\/v2\/media?parent=24"}],"curies":[{"name":"wp","href":"https:\/\/api.w.org\/{rel}","templated":true}]}}