{"id":6,"date":"2025-05-25T09:39:43","date_gmt":"2025-05-25T07:39:43","guid":{"rendered":"https:\/\/cfptnour.com\/index.php\/accueil\/"},"modified":"2025-07-22T16:07:16","modified_gmt":"2025-07-22T14:07:16","slug":"accueil","status":"publish","type":"page","link":"https:\/\/cfptnour.com\/","title":{"rendered":"Accueil"},"content":{"rendered":"<blockquote data-start=\"257\" data-end=\"573\">\n<h3 style=\"text-align: justify;\" data-start=\"345\" data-end=\"393\"><span style=\"color: #000000;\"><strong data-start=\"349\" data-end=\"393\">Bienvenue au C.F.P.T.P Al Ilmoun Nouroun<\/strong><\/span><\/h3>\n<p style=\"text-align: justify;\" data-start=\"395\" data-end=\"619\"><span style=\"color: #000000; font-size: 20px;\">Le Centre de Formation Professionnelle et Technique <strong data-start=\"447\" data-end=\"468\">Al Ilmoun Nouroun<\/strong> est un \u00e9tablissement engag\u00e9 dans l\u2019insertion socioprofessionnelle des jeunes, en particulier les \u00e9l\u00e8ves <strong data-start=\"573\" data-end=\"618\">boursiers, d\u00e9scolaris\u00e9s et non scolaris\u00e9s<\/strong>.<\/span><\/p>\n<p style=\"text-align: justify;\" data-start=\"621\" data-end=\"960\"><span style=\"color: #000000; font-size: 20px;\">Nous offrons une <strong data-start=\"638\" data-end=\"662\">formation de qualit\u00e9<\/strong>, adapt\u00e9e aux r\u00e9alit\u00e9s <strong data-start=\"685\" data-end=\"725\">sociales, culturelles et \u00e9conomiques<\/strong> de notre environnement, \u00e0 travers des programmes pratiques et professionnalisants.<\/span><br data-start=\"808\" data-end=\"811\" \/><br \/>\n<span style=\"color: #000000; font-size: 20px;\">Notre objectif est de <strong data-start=\"833\" data-end=\"862\">valoriser les comp\u00e9tences<\/strong>, favoriser l\u2019<strong data-start=\"876\" data-end=\"889\">autonomie<\/strong> des jeunes et faciliter leur <strong data-start=\"919\" data-end=\"959\">int\u00e9gration sur le march\u00e9 du travail<\/strong>.<\/span><\/p>\n<p style=\"text-align: justify;\" data-start=\"962\" data-end=\"1067\"><span style=\"color: #000000; font-size: 20px;\">\ud83d\udd27 <strong data-start=\"965\" data-end=\"989\">Fili\u00e8res disponibles<\/strong> : Couture, Cuisine, Artisanat, \u00c9lectricit\u00e9, Plomberie, Menuiserie m\u00e9tallique.<\/span><\/p>\n<p style=\"text-align: justify;\" data-start=\"1069\" data-end=\"1109\"><span style=\"color: #000000; font-size: 20px;\">\ud83c\udf93 <strong data-start=\"1072\" data-end=\"1083\">Niveaux<\/strong> : CQP, CAP, BEP, BAC PRO.<\/span><\/p>\n<p style=\"text-align: justify;\" data-start=\"1111\" data-end=\"1201\"><span style=\"color: #000000; font-size: 20px;\">\ud83d\udccd <strong data-start=\"1114\" data-end=\"1122\">Lieu<\/strong> : Quartier Koira Kano \u2013 Niamey (voir plan d\u2019acc\u00e8s dans la rubrique \u00ab\u00a0Contact\u00a0\u00bb).<\/span><\/p>\n<p style=\"text-align: justify;\" data-start=\"1111\" data-end=\"1201\"><img loading=\"lazy\" decoding=\"async\" class=\"alignnone size-full wp-image-167\" src=\"https:\/\/cfptnour.com\/wp-content\/uploads\/2025\/07\/WhatsApp-Image-2025-07-16-a-18.53.23_8a44945e.jpg\" alt=\"\" width=\"1080\" height=\"810\" \/><\/p>\n<\/blockquote>\n","protected":false},"excerpt":{"rendered":"<p>Bienvenue au C.F.P.T.P Al Ilmoun Nouroun Le Centre de Formation Professionnelle et Technique Al Ilmoun Nouroun est un \u00e9tablissement engag\u00e9 dans l\u2019insertion socioprofessionnelle des jeunes,&#8230;<\/p>\n","protected":false},"author":1,"featured_media":0,"parent":0,"menu_order":1,"comment_status":"closed","ping_status":"closed","template":"","meta":{"footnotes":""},"class_list":["post-6","page","type-page","status-publish","hentry"],"_links":{"self":[{"href":"https:\/\/cfptnour.com\/index.php\/wp-json\/wp\/v2\/pages\/6","targetHints":{"allow":["GET"]}}],"collection":[{"href":"https:\/\/cfptnour.com\/index.php\/wp-json\/wp\/v2\/pages"}],"about":[{"href":"https:\/\/cfptnour.com\/index.php\/wp-json\/wp\/v2\/types\/page"}],"author":[{"embeddable":true,"href":"https:\/\/cfptnour.com\/index.php\/wp-json\/wp\/v2\/users\/1"}],"replies":[{"embeddable":true,"href":"https:\/\/cfptnour.com\/index.php\/wp-json\/wp\/v2\/comments?post=6"}],"version-history":[{"count":10,"href":"https:\/\/cfptnour.com\/index.php\/wp-json\/wp\/v2\/pages\/6\/revisions"}],"predecessor-version":[{"id":68,"href":"https:\/\/cfptnour.com\/index.php\/wp-json\/wp\/v2\/pages\/6\/revisions\/68"}],"wp:attachment":[{"href":"https:\/\/cfptnour.com\/index.php\/wp-json\/wp\/v2\/media?parent=6"}],"curies":[{"name":"wp","href":"https:\/\/api.w.org\/{rel}","templated":true}]}}