{"id":7,"date":"2025-05-25T09:39:43","date_gmt":"2025-05-25T07:39:43","guid":{"rendered":"https:\/\/cfptnour.com\/index.php\/a-propos\/"},"modified":"2025-06-08T13:03:40","modified_gmt":"2025-06-08T11:03:40","slug":"a-propos","status":"publish","type":"page","link":"https:\/\/cfptnour.com\/index.php\/a-propos\/","title":{"rendered":"\u00c0 propos"},"content":{"rendered":"<p style=\"text-align: justify;\" data-start=\"204\" data-end=\"445\"><span style=\"font-family: Poppins; font-size: 20px; color: #000000;\">Le <strong data-start=\"207\" data-end=\"296\">Centre de Formation Professionnelle et Technique Al Ilmoun Nouroun (CFPTP Iliminnour)<\/strong> est un \u00e9tablissement d\u00e9di\u00e9 \u00e0 la formation des jeunes, en particulier ceux en situation de vuln\u00e9rabilit\u00e9 : boursiers, d\u00e9scolaris\u00e9s et non scolaris\u00e9s.<\/span><\/p>\n<p style=\"text-align: justify;\" data-start=\"447\" data-end=\"769\"><span style=\"font-family: Poppins; font-size: 20px; color: #000000;\">Cr\u00e9\u00e9 avec la vision de <strong data-start=\"470\" data-end=\"547\">favoriser l&rsquo;autonomisation et l&rsquo;insertion socioprofessionnelle des jeunes<\/strong>, notre centre propose des formations techniques de qualit\u00e9, accessibles et adapt\u00e9es aux besoins du march\u00e9 local. Nous croyons fermement que chaque jeune m\u00e9rite une seconde chance et les moyens de b\u00e2tir un avenir meilleur.<\/span><\/p>\n<h3 style=\"text-align: justify;\" data-start=\"771\" data-end=\"788\"><span style=\"font-family: Poppins; font-size: 20px; color: #000000;\">Nos objectifs<\/span><\/h3>\n<ul style=\"text-align: justify;\" data-start=\"790\" data-end=\"1206\">\n<li data-start=\"790\" data-end=\"889\">\n<p data-start=\"792\" data-end=\"889\"><span style=\"font-family: Poppins; font-size: 20px; color: #000000;\"><strong data-start=\"792\" data-end=\"843\">Offrir une formation professionnelle de qualit\u00e9<\/strong> aux jeunes en difficult\u00e9 scolaire ou sociale.<\/span><\/p>\n<\/li>\n<li data-start=\"890\" data-end=\"984\">\n<p data-start=\"892\" data-end=\"984\"><span style=\"font-family: Poppins; font-size: 20px; color: #000000;\"><strong data-start=\"892\" data-end=\"923\">Encourager la scolarisation<\/strong> des jeunes d\u00e9scolaris\u00e9s \u00e0 travers des fili\u00e8res valorisantes.<\/span><\/p>\n<\/li>\n<li data-start=\"985\" data-end=\"1099\">\n<p data-start=\"987\" data-end=\"1099\"><span style=\"font-family: Poppins; font-size: 20px; color: #000000;\"><strong data-start=\"987\" data-end=\"1028\">Favoriser l\u2019insertion professionnelle<\/strong> des dipl\u00f4m\u00e9s par des partenariats avec les acteurs \u00e9conomiques locaux.<\/span><\/p>\n<\/li>\n<li data-start=\"1100\" data-end=\"1206\">\n<p data-start=\"1102\" data-end=\"1206\"><span style=\"font-family: Poppins; font-size: 20px; color: #000000;\"><strong data-start=\"1102\" data-end=\"1157\">Promouvoir l\u2019int\u00e9grit\u00e9, la discipline et le progr\u00e8s<\/strong>, piliers fondamentaux de notre vision \u00e9ducative.<\/span><\/p>\n<\/li>\n<\/ul>\n<h3 style=\"text-align: justify;\" data-start=\"1208\" data-end=\"1226\"><span style=\"font-family: Poppins; font-size: 20px; color: #000000;\">Nos formations<\/span><\/h3>\n<p style=\"text-align: justify;\" data-start=\"1228\" data-end=\"1349\"><span style=\"font-family: Poppins; font-size: 20px; color: #000000;\">Le CFPTP Iliminnour propose plusieurs niveaux : <strong data-start=\"1276\" data-end=\"1305\">CQP, CAP, BEP, et BAC PRO<\/strong>, dans des fili\u00e8res aussi essentielles que :<\/span><\/p>\n<ul style=\"text-align: justify;\" data-start=\"1351\" data-end=\"1456\">\n<li data-start=\"1351\" data-end=\"1364\">\n<p data-start=\"1353\" data-end=\"1364\"><span style=\"font-family: Poppins; font-size: 20px; color: #000000;\"><strong data-start=\"1353\" data-end=\"1364\">Couture<\/strong><\/span><\/p>\n<\/li>\n<li data-start=\"1365\" data-end=\"1378\">\n<p data-start=\"1367\" data-end=\"1378\"><span style=\"font-family: Poppins; font-size: 20px; color: #000000;\"><strong data-start=\"1367\" data-end=\"1378\">Cuisine<\/strong><\/span><\/p>\n<\/li>\n<li data-start=\"1379\" data-end=\"1394\">\n<p data-start=\"1381\" data-end=\"1394\"><span style=\"font-family: Poppins; font-size: 20px; color: #000000;\"><strong data-start=\"1381\" data-end=\"1394\">Artisanat<\/strong><\/span><\/p>\n<\/li>\n<li data-start=\"1395\" data-end=\"1412\">\n<p data-start=\"1397\" data-end=\"1412\"><span style=\"font-family: Poppins; font-size: 20px; color: #000000;\"><strong data-start=\"1397\" data-end=\"1412\">\u00c9lectricit\u00e9<\/strong><\/span><\/p>\n<\/li>\n<li data-start=\"1413\" data-end=\"1428\">\n<p data-start=\"1415\" data-end=\"1428\"><span style=\"font-family: Poppins; font-size: 20px; color: #000000;\"><strong data-start=\"1415\" data-end=\"1428\">Plomberie<\/strong><\/span><\/p>\n<\/li>\n<li data-start=\"1429\" data-end=\"1456\">\n<p data-start=\"1431\" data-end=\"1456\"><span style=\"font-family: Poppins; font-size: 20px; color: #000000;\"><strong data-start=\"1431\" data-end=\"1456\">Menuiserie m\u00e9tallique<\/strong><\/span><\/p>\n<\/li>\n<\/ul>\n<p style=\"text-align: justify;\" data-start=\"1458\" data-end=\"1630\"><span style=\"font-family: Poppins; font-size: 20px; color: #000000;\">Ces formations sont \u00e9labor\u00e9es pour r\u00e9pondre aux <strong data-start=\"1506\" data-end=\"1555\">r\u00e9alit\u00e9s sociales, culturelles et \u00e9conomiques<\/strong> de notre environnement et offrir des comp\u00e9tences directement exploitables.<\/span><\/p>\n<h3 style=\"text-align: justify;\" data-start=\"1632\" data-end=\"1652\"><span style=\"font-family: Poppins; font-size: 20px; color: #000000;\">Notre engagement<\/span><\/h3>\n<p style=\"text-align: justify;\" data-start=\"1654\" data-end=\"1961\"><span style=\"font-family: Poppins; font-size: 20px; color: #000000;\">Nous mettons un point d\u2019honneur \u00e0 encadrer les jeunes avec professionnalisme, dans un environnement structur\u00e9, s\u00e9curis\u00e9 et propice \u00e0 l\u2019apprentissage. \u00c0 travers un accompagnement p\u00e9dagogique rigoureux et une attention port\u00e9e \u00e0 l\u2019\u00e9thique, nous contribuons \u00e0 <strong data-start=\"1910\" data-end=\"1960\">former des citoyens responsables et comp\u00e9tents<\/strong>.<\/span><\/p>\n","protected":false},"excerpt":{"rendered":"<p>Le Centre de Formation Professionnelle et Technique Al Ilmoun Nouroun (CFPTP Iliminnour) est un \u00e9tablissement d\u00e9di\u00e9 \u00e0 la formation des jeunes, en particulier ceux en&#8230;<\/p>\n","protected":false},"author":1,"featured_media":0,"parent":0,"menu_order":2,"comment_status":"closed","ping_status":"closed","template":"","meta":{"footnotes":""},"class_list":["post-7","page","type-page","status-publish","hentry"],"_links":{"self":[{"href":"https:\/\/cfptnour.com\/index.php\/wp-json\/wp\/v2\/pages\/7","targetHints":{"allow":["GET"]}}],"collection":[{"href":"https:\/\/cfptnour.com\/index.php\/wp-json\/wp\/v2\/pages"}],"about":[{"href":"https:\/\/cfptnour.com\/index.php\/wp-json\/wp\/v2\/types\/page"}],"author":[{"embeddable":true,"href":"https:\/\/cfptnour.com\/index.php\/wp-json\/wp\/v2\/users\/1"}],"replies":[{"embeddable":true,"href":"https:\/\/cfptnour.com\/index.php\/wp-json\/wp\/v2\/comments?post=7"}],"version-history":[{"count":4,"href":"https:\/\/cfptnour.com\/index.php\/wp-json\/wp\/v2\/pages\/7\/revisions"}],"predecessor-version":[{"id":109,"href":"https:\/\/cfptnour.com\/index.php\/wp-json\/wp\/v2\/pages\/7\/revisions\/109"}],"wp:attachment":[{"href":"https:\/\/cfptnour.com\/index.php\/wp-json\/wp\/v2\/media?parent=7"}],"curies":[{"name":"wp","href":"https:\/\/api.w.org\/{rel}","templated":true}]}}