{"id":8,"date":"2025-05-25T09:39:43","date_gmt":"2025-05-25T07:39:43","guid":{"rendered":"https:\/\/cfptnour.com\/index.php\/a-propos\/notre-mission\/"},"modified":"2025-06-08T13:03:59","modified_gmt":"2025-06-08T11:03:59","slug":"notre-mission","status":"publish","type":"page","link":"https:\/\/cfptnour.com\/index.php\/a-propos\/notre-mission\/","title":{"rendered":"Notre mission"},"content":{"rendered":"<p style=\"text-align: justify;\" data-start=\"124\" data-end=\"393\"><span style=\"font-family: Poppins; font-size: 20px; color: #000000;\">La mission du <strong data-start=\"138\" data-end=\"208\">Centre de Formation Professionnelle et Technique Al Ilmoun Nouroun<\/strong> est de <strong data-start=\"216\" data-end=\"260\">former, encadrer et valoriser les jeunes<\/strong>, en particulier ceux en situation de vuln\u00e9rabilit\u00e9, afin de leur offrir une v\u00e9ritable chance de r\u00e9ussite professionnelle et sociale.<\/span><\/p>\n<p style=\"text-align: justify;\" data-start=\"395\" data-end=\"493\"><span style=\"font-family: Poppins; font-size: 20px; color: #000000;\">\u00c0 travers une formation de qualit\u00e9, accessible et adapt\u00e9e aux r\u00e9alit\u00e9s du terrain, nous visons \u00e0 :<\/span><\/p>\n<ul style=\"text-align: justify;\" data-start=\"495\" data-end=\"878\">\n<li data-start=\"495\" data-end=\"589\">\n<p data-start=\"497\" data-end=\"589\"><span style=\"font-family: Poppins; font-size: 20px; color: #000000;\"><strong data-start=\"497\" data-end=\"551\">D\u00e9velopper les comp\u00e9tences techniques et pratiques<\/strong> des jeunes dans des m\u00e9tiers porteurs.<\/span><\/p>\n<\/li>\n<li data-start=\"590\" data-end=\"684\">\n<p data-start=\"592\" data-end=\"684\"><span style=\"font-family: Poppins; font-size: 20px; color: #000000;\"><strong data-start=\"592\" data-end=\"641\">Favoriser leur insertion socioprofessionnelle<\/strong>, en lien avec les besoins du march\u00e9 local.<\/span><\/p>\n<\/li>\n<li data-start=\"685\" data-end=\"778\">\n<p data-start=\"687\" data-end=\"778\"><span style=\"font-family: Poppins; font-size: 20px; color: #000000;\"><strong data-start=\"687\" data-end=\"726\">Renforcer l\u2019autonomie et la dignit\u00e9<\/strong> des jeunes exclus du syst\u00e8me \u00e9ducatif traditionnel.<\/span><\/p>\n<\/li>\n<li data-start=\"779\" data-end=\"878\">\n<p data-start=\"781\" data-end=\"878\"><span style=\"font-family: Poppins; font-size: 20px; color: #000000;\"><strong data-start=\"781\" data-end=\"850\">Contribuer activement \u00e0 la lutte contre le ch\u00f4mage et la pauvret\u00e9<\/strong>, notamment chez les jeunes.<\/span><\/p>\n<\/li>\n<\/ul>\n<p style=\"text-align: justify;\" data-start=\"880\" data-end=\"1013\"><span style=\"font-family: Poppins; font-size: 20px; color: #000000;\">Notre engagement repose sur des valeurs fortes : <strong data-start=\"929\" data-end=\"963\">int\u00e9grit\u00e9, discipline, progr\u00e8s<\/strong>, qui guident chaque action que nous entreprenons.<\/span><\/p>\n","protected":false},"excerpt":{"rendered":"<p>La mission du Centre de Formation Professionnelle et Technique Al Ilmoun Nouroun est de former, encadrer et valoriser les jeunes, en particulier ceux en situation&#8230;<\/p>\n","protected":false},"author":1,"featured_media":0,"parent":7,"menu_order":3,"comment_status":"closed","ping_status":"closed","template":"","meta":{"footnotes":""},"class_list":["post-8","page","type-page","status-publish","hentry"],"_links":{"self":[{"href":"https:\/\/cfptnour.com\/index.php\/wp-json\/wp\/v2\/pages\/8","targetHints":{"allow":["GET"]}}],"collection":[{"href":"https:\/\/cfptnour.com\/index.php\/wp-json\/wp\/v2\/pages"}],"about":[{"href":"https:\/\/cfptnour.com\/index.php\/wp-json\/wp\/v2\/types\/page"}],"author":[{"embeddable":true,"href":"https:\/\/cfptnour.com\/index.php\/wp-json\/wp\/v2\/users\/1"}],"replies":[{"embeddable":true,"href":"https:\/\/cfptnour.com\/index.php\/wp-json\/wp\/v2\/comments?post=8"}],"version-history":[{"count":3,"href":"https:\/\/cfptnour.com\/index.php\/wp-json\/wp\/v2\/pages\/8\/revisions"}],"predecessor-version":[{"id":141,"href":"https:\/\/cfptnour.com\/index.php\/wp-json\/wp\/v2\/pages\/8\/revisions\/141"}],"up":[{"embeddable":true,"href":"https:\/\/cfptnour.com\/index.php\/wp-json\/wp\/v2\/pages\/7"}],"wp:attachment":[{"href":"https:\/\/cfptnour.com\/index.php\/wp-json\/wp\/v2\/media?parent=8"}],"curies":[{"name":"wp","href":"https:\/\/api.w.org\/{rel}","templated":true}]}}